{"id":3154,"date":"2021-05-21T21:15:22","date_gmt":"2021-05-21T21:15:22","guid":{"rendered":"https:\/\/shop.ipalodesigns.com\/?post_type=product&#038;p=3154"},"modified":"2024-07-05T21:06:34","modified_gmt":"2024-07-05T21:06:34","slug":"african-tote-ankara-print-colourful-beach-and-casual-bag","status":"publish","type":"product","link":"https:\/\/shop.ipalodesigns.com\/da\/vare\/african-tote-ankara-print-colourful-beach-and-casual-bag\/","title":{"rendered":"Afrikansk tote, ankara print, farverig strand og afslappet taske"},"content":{"rendered":"<p>&#8211; exciting Ankara print<br \/>\n&#8211; perfect to avoid plastic bags<br \/>\n&#8211; 100% cotton<br \/>\n&#8211; lined for extra strength<br \/>\n&#8211; machine washable<\/p>\n<p>Sizes<br \/>\nLength &#8211; 43cm<br \/>\nWidth &#8211; 38cm<br \/>\nStrap height &#8211; 27cm<\/p>\n<p>Bem\u00e6rk, at alle vores produkter er h\u00e5ndlavede og tilpasses. Hvis du har brug for tilpassede \u00e6ndringer eller st\u00f8rrelser, bedes du give en kommentar til os under kassen, s\u00e5 kontakter vi dig om din brugerdefinerede ordre. Tak skal du have.<\/p>\n<div>Ankara tote bag and reversible summer hats can be purchase in sets by selecting the corresponding bag and hat colour. You can also mix and match color and styles to suit your preferences.<\/div>","protected":false},"excerpt":{"rendered":"<p>African tote, ankara print, colorful beach and casual bag<\/p>\n<p>&#8211; exciting Ankara print<br \/>\n&#8211; perfect to avoid plastic bags<\/p>","protected":false},"featured_media":3159,"comment_status":"open","ping_status":"closed","template":"","meta":{"inline_featured_image":false,"spay_email":""},"jetpack_likes_enabled":true,"jetpack_sharing_enabled":true,"_links":{"self":[{"href":"https:\/\/shop.ipalodesigns.com\/da\/wp-json\/wp\/v2\/product\/3154"}],"collection":[{"href":"https:\/\/shop.ipalodesigns.com\/da\/wp-json\/wp\/v2\/product"}],"about":[{"href":"https:\/\/shop.ipalodesigns.com\/da\/wp-json\/wp\/v2\/types\/product"}],"replies":[{"embeddable":true,"href":"https:\/\/shop.ipalodesigns.com\/da\/wp-json\/wp\/v2\/comments?post=3154"}],"wp:featuredmedia":[{"embeddable":true,"href":"https:\/\/shop.ipalodesigns.com\/da\/wp-json\/wp\/v2\/media\/3159"}],"wp:attachment":[{"href":"https:\/\/shop.ipalodesigns.com\/da\/wp-json\/wp\/v2\/media?parent=3154"}],"curies":[{"name":"wp","href":"https:\/\/api.w.org\/{rel}","templated":true}]}}