{"id":3155,"date":"2021-05-21T21:15:22","date_gmt":"2021-05-21T21:15:22","guid":{"rendered":"https:\/\/shop.ipalodesigns.com\/?post_type=product&#038;p=3155"},"modified":"2024-07-25T18:40:30","modified_gmt":"2024-07-25T18:40:30","slug":"lassic-ladies-african-reversible-ankara-fabric-summer-hats-100-cotton","status":"publish","type":"product","link":"https:\/\/shop.ipalodesigns.com\/da\/vare\/lassic-ladies-african-reversible-ankara-fabric-summer-hats-100-cotton\/","title":{"rendered":"Klassiske damer afrikanske, vendbare sommerhatte i ankara-stof, 100% bomuld"},"content":{"rendered":"<p>These beautiful hearts can be worn to compliment your outfit for any occasion or at the beach to complement your bikini and protect your face from the sun. can be worn on either side. One size fits all adults.<\/p>\n<p>If you prefer a wider brim, please leave a message after ordering.<\/p>\n<p>Bem\u00e6rk, at alle vores produkter er h\u00e5ndlavede og tilpasses. Hvis du har brug for tilpassede \u00e6ndringer eller st\u00f8rrelser, bedes du give en kommentar til os under kassen, s\u00e5 kontakter vi dig om din brugerdefinerede ordre. Tak skal du have.<\/p>\n<div>Ankara tote bag and reversible summer hats can be purchase in sets by selecting the corresponding bag and hat colour. You can also mix and match color and styles to suit your preferences.<\/div>","protected":false},"excerpt":{"rendered":"<p>Disse smukke hjerter kan b\u00e6res for at komplimentere dit outfit til enhver lejlighed eller p\u00e5 stranden for at supplere din bikini og beskytte dit ansigt mod solen. kan b\u00e6res p\u00e5 begge sider.<\/p>","protected":false},"featured_media":3163,"comment_status":"open","ping_status":"closed","template":"","meta":{"inline_featured_image":false,"spay_email":""},"jetpack_likes_enabled":true,"jetpack_sharing_enabled":true,"_links":{"self":[{"href":"https:\/\/shop.ipalodesigns.com\/da\/wp-json\/wp\/v2\/product\/3155"}],"collection":[{"href":"https:\/\/shop.ipalodesigns.com\/da\/wp-json\/wp\/v2\/product"}],"about":[{"href":"https:\/\/shop.ipalodesigns.com\/da\/wp-json\/wp\/v2\/types\/product"}],"replies":[{"embeddable":true,"href":"https:\/\/shop.ipalodesigns.com\/da\/wp-json\/wp\/v2\/comments?post=3155"}],"wp:featuredmedia":[{"embeddable":true,"href":"https:\/\/shop.ipalodesigns.com\/da\/wp-json\/wp\/v2\/media\/3163"}],"wp:attachment":[{"href":"https:\/\/shop.ipalodesigns.com\/da\/wp-json\/wp\/v2\/media?parent=3155"}],"curies":[{"name":"wp","href":"https:\/\/api.w.org\/{rel}","templated":true}]}}