{"id":3157,"date":"2021-05-21T21:15:22","date_gmt":"2021-05-21T21:15:22","guid":{"rendered":"https:\/\/shop.ipalodesigns.com\/?post_type=product&#038;p=3157"},"modified":"2021-06-01T14:04:47","modified_gmt":"2021-06-01T14:04:47","slug":"african-print-ankara-kids-wide-brim-reversible-colourful-summer-hats","status":"publish","type":"product","link":"https:\/\/shop.ipalodesigns.com\/da\/vare\/african-print-ankara-kids-wide-brim-reversible-colourful-summer-hats\/","title":{"rendered":"Afrikansk print, ankara b\u00f8rn med bred kant, vendbare, farverige sommerhatte."},"content":{"rendered":"<p style=\"text-align: left;\">Disse 2 i 1 vendbare hatte, lavet med 2 forskellige udskrifter, er perfekte til at g\u00f8re dit barns sommerferie lysere og nyde solen i stil. Lille og mellemstor st\u00f8rrelse passer til alle b\u00f8rn. 100% bomuld med Afrika-print Bestil efter alder.<\/p>\n<div>Bem\u00e6rk, at alle vores produkter er h\u00e5ndlavede og tilpasses. Hvis du har brug for tilpassede \u00e6ndringer eller st\u00f8rrelser, bedes du give en kommentar til os under kassen, s\u00e5 kontakter vi dig om din brugerdefinerede ordre. Tak skal du have.<\/div>","protected":false},"excerpt":{"rendered":"<p>Disse 2 i 1 vendbare hatte, lavet med 2 forskellige udskrifter, er perfekte til at g\u00f8re dit barns sommerferie lysere og nyde solen i stil.<br \/>\nSmall and medium-size fits all kids<\/p>","protected":false},"featured_media":3174,"comment_status":"open","ping_status":"closed","template":"","meta":{"inline_featured_image":false,"spay_email":""},"jetpack_likes_enabled":true,"jetpack_sharing_enabled":true,"_links":{"self":[{"href":"https:\/\/shop.ipalodesigns.com\/da\/wp-json\/wp\/v2\/product\/3157"}],"collection":[{"href":"https:\/\/shop.ipalodesigns.com\/da\/wp-json\/wp\/v2\/product"}],"about":[{"href":"https:\/\/shop.ipalodesigns.com\/da\/wp-json\/wp\/v2\/types\/product"}],"replies":[{"embeddable":true,"href":"https:\/\/shop.ipalodesigns.com\/da\/wp-json\/wp\/v2\/comments?post=3157"}],"wp:featuredmedia":[{"embeddable":true,"href":"https:\/\/shop.ipalodesigns.com\/da\/wp-json\/wp\/v2\/media\/3174"}],"wp:attachment":[{"href":"https:\/\/shop.ipalodesigns.com\/da\/wp-json\/wp\/v2\/media?parent=3157"}],"curies":[{"name":"wp","href":"https:\/\/api.w.org\/{rel}","templated":true}]}}