{"id":3158,"date":"2021-05-21T21:15:22","date_gmt":"2021-05-21T21:15:22","guid":{"rendered":"https:\/\/shop.ipalodesigns.com\/?post_type=product&#038;p=3158"},"modified":"2025-02-13T09:45:30","modified_gmt":"2025-02-13T09:45:30","slug":"african-print-ankara-reversible-bucket-sun-hat-for-kids","status":"publish","type":"product","link":"https:\/\/shop.ipalodesigns.com\/da\/vare\/african-print-ankara-reversible-bucket-sun-hat-for-kids\/","title":{"rendered":"Afrikansk print, ankara vendbar spand solhat til b\u00f8rn"},"content":{"rendered":"<div>Disse farverige festlige sommerhattehatte er lavet af 100% afrikansk bomuldsvoksprint. Passer til babyer og b\u00f8rn. Bestil efter alder.<\/div>\n<div>\n<div>\n<div><\/div>\n<\/div>\n<div>Bem\u00e6rk, at alle vores produkter er h\u00e5ndlavede og tilpasses. Hvis du har brug for tilpassede \u00e6ndringer eller st\u00f8rrelser, bedes du give en kommentar til os under kassen, s\u00e5 kontakter vi dig om din brugerdefinerede ordre. Tak skal du have.<\/div>\n<\/div>","protected":false},"excerpt":{"rendered":"<p>Disse farverige festlige sommerhattehatte er lavet af 100% afrikansk bomuldsvoksprint.<\/p>","protected":false},"featured_media":3185,"comment_status":"open","ping_status":"closed","template":"","meta":{"inline_featured_image":false,"spay_email":""},"jetpack_likes_enabled":true,"jetpack_sharing_enabled":true,"_links":{"self":[{"href":"https:\/\/shop.ipalodesigns.com\/da\/wp-json\/wp\/v2\/product\/3158"}],"collection":[{"href":"https:\/\/shop.ipalodesigns.com\/da\/wp-json\/wp\/v2\/product"}],"about":[{"href":"https:\/\/shop.ipalodesigns.com\/da\/wp-json\/wp\/v2\/types\/product"}],"replies":[{"embeddable":true,"href":"https:\/\/shop.ipalodesigns.com\/da\/wp-json\/wp\/v2\/comments?post=3158"}],"wp:featuredmedia":[{"embeddable":true,"href":"https:\/\/shop.ipalodesigns.com\/da\/wp-json\/wp\/v2\/media\/3185"}],"wp:attachment":[{"href":"https:\/\/shop.ipalodesigns.com\/da\/wp-json\/wp\/v2\/media?parent=3158"}],"curies":[{"name":"wp","href":"https:\/\/api.w.org\/{rel}","templated":true}]}}