{"id":3305,"date":"2021-06-09T07:49:59","date_gmt":"2021-06-09T07:49:59","guid":{"rendered":"https:\/\/shop.ipalodesigns.com\/?post_type=product&#038;p=3305"},"modified":"2024-06-12T01:10:13","modified_gmt":"2024-06-12T01:10:13","slug":"unisex-fashionable-ankara-bucket-hats-for-adults","status":"publish","type":"product","link":"https:\/\/shop.ipalodesigns.com\/da\/vare\/unisex-fashionable-ankara-bucket-hats-for-adults\/","title":{"rendered":"Unisex moderigtige Ankara spandhatte til voksne"},"content":{"rendered":"<p>Unisex moderigtige Ankara spandhatte til voksne - En moderigtig spandhue, der er velegnet til at blokere for sollys og vanddr\u00e5ber eller forbedre dit modeudseende. Tidl\u00f8s mode ornament.<\/p>\n<p>- 100% bomuldsstof i Afrika<br \/>\n- Vendbar spand hat til b\u00e5de m\u00e6nd og kvinder<br \/>\n- En st\u00f8rrelse passer alle<br \/>\n- plejeinstruktioner - h\u00e5ndvask, luftt\u00f8r<\/p>\n<p>Bem\u00e6rk, at alle vores produkter er h\u00e5ndlavede og tilpasses. Hvis du har brug for tilpassede \u00e6ndringer eller st\u00f8rrelser, bedes du give en kommentar til os under kassen, s\u00e5 kontakter vi dig om din brugerdefinerede ordre. Tak skal du have.<\/p>","protected":false},"excerpt":{"rendered":"<p>Unisex moderigtige Ankara spandhatte til voksne - En moderigtig spandhue, der er velegnet til at blokere for sollys og vanddr\u00e5ber eller forbedre dit modeudseende. Tidl\u00f8s mode ornament.<\/p>","protected":false},"featured_media":3284,"comment_status":"open","ping_status":"closed","template":"","meta":{"inline_featured_image":false,"spay_email":""},"jetpack_likes_enabled":true,"jetpack_sharing_enabled":true,"_links":{"self":[{"href":"https:\/\/shop.ipalodesigns.com\/da\/wp-json\/wp\/v2\/product\/3305"}],"collection":[{"href":"https:\/\/shop.ipalodesigns.com\/da\/wp-json\/wp\/v2\/product"}],"about":[{"href":"https:\/\/shop.ipalodesigns.com\/da\/wp-json\/wp\/v2\/types\/product"}],"replies":[{"embeddable":true,"href":"https:\/\/shop.ipalodesigns.com\/da\/wp-json\/wp\/v2\/comments?post=3305"}],"wp:featuredmedia":[{"embeddable":true,"href":"https:\/\/shop.ipalodesigns.com\/da\/wp-json\/wp\/v2\/media\/3284"}],"wp:attachment":[{"href":"https:\/\/shop.ipalodesigns.com\/da\/wp-json\/wp\/v2\/media?parent=3305"}],"curies":[{"name":"wp","href":"https:\/\/api.w.org\/{rel}","templated":true}]}}