{"id":3309,"date":"2021-06-09T07:55:53","date_gmt":"2021-06-09T07:55:53","guid":{"rendered":"https:\/\/shop.ipalodesigns.com\/?post_type=product&#038;p=3309"},"modified":"2024-08-15T06:50:50","modified_gmt":"2024-08-15T06:50:50","slug":"ankara-wide-brim-hat-ankara-sun-hat-for-women-headwrap-visor-big-floppy-hat","status":"publish","type":"product","link":"https:\/\/shop.ipalodesigns.com\/da\/vare\/ankara-wide-brim-hat-ankara-sun-hat-for-women-headwrap-visor-big-floppy-hat\/","title":{"rendered":"Ankara Hat med bred kant | Ankara solhat til kvinder | Headwrap visir | Stor sommerhat"},"content":{"rendered":"<p>Ankara Hat med bred kant | Ankara solhat til kvinder | Headwrap visir | Stor sommerhat<\/p>\n<p>Denne one-size-fits-all, lette, holdbare og unikt syede hat lavet af afrikansk Ankara-print. Hele hatten er lavet af dette smukke afrikanske print indefra og ud. Denne hat hj\u00e6lper med at holde dit ansigt skyggefuldt fra solen, n\u00e5r du g\u00e5r i gang med en hel dag udend\u00f8rs, og det vil helt sikkert dreje hoveder, uanset hvor du v\u00e6lger at b\u00e6re det. Mulighederne er uendelige med denne smukke, velkonstruerede hat!<\/p>\n<p>Bem\u00e6rk, at alle vores produkter er h\u00e5ndlavede og tilpasses. Hvis du har brug for tilpassede \u00e6ndringer eller st\u00f8rrelser, bedes du give en kommentar til os under kassen, s\u00e5 kontakter vi dig om din brugerdefinerede ordre. Tak skal du have.<\/p>","protected":false},"excerpt":{"rendered":"<p>Ankara Hat med bred kant | Ankara solhat til kvinder | Headwrap visir | Stor diskett hat<\/p>","protected":false},"featured_media":3290,"comment_status":"open","ping_status":"closed","template":"","meta":{"inline_featured_image":false,"spay_email":""},"jetpack_likes_enabled":true,"jetpack_sharing_enabled":true,"_links":{"self":[{"href":"https:\/\/shop.ipalodesigns.com\/da\/wp-json\/wp\/v2\/product\/3309"}],"collection":[{"href":"https:\/\/shop.ipalodesigns.com\/da\/wp-json\/wp\/v2\/product"}],"about":[{"href":"https:\/\/shop.ipalodesigns.com\/da\/wp-json\/wp\/v2\/types\/product"}],"replies":[{"embeddable":true,"href":"https:\/\/shop.ipalodesigns.com\/da\/wp-json\/wp\/v2\/comments?post=3309"}],"wp:featuredmedia":[{"embeddable":true,"href":"https:\/\/shop.ipalodesigns.com\/da\/wp-json\/wp\/v2\/media\/3290"}],"wp:attachment":[{"href":"https:\/\/shop.ipalodesigns.com\/da\/wp-json\/wp\/v2\/media?parent=3309"}],"curies":[{"name":"wp","href":"https:\/\/api.w.org\/{rel}","templated":true}]}}