{"id":3313,"date":"2021-06-09T08:10:35","date_gmt":"2021-06-09T08:10:35","guid":{"rendered":"https:\/\/shop.ipalodesigns.com\/?post_type=product&#038;p=3313"},"modified":"2024-07-25T18:39:56","modified_gmt":"2024-07-25T18:39:56","slug":"african-print-aline-girls-dress-ankara-girls-dress","status":"publish","type":"product","link":"https:\/\/shop.ipalodesigns.com\/da\/vare\/african-print-aline-girls-dress-ankara-girls-dress\/","title":{"rendered":"Afrikansk print Aline piger kjole, Ankara piger kjole"},"content":{"rendered":"<p>Afrikansk print Aline piger kjole, Ankara piger kjole<\/p>\n<p>En farverig Ankara piger sommerkjole med 2 sidelommer.<br \/>\nPar det med sneakers til et afslappet look eller for et mere formelt look, par det med ballerinasko.<br \/>\nPerfekt til enhver lejlighed.<br \/>\nDu kan ogs\u00e5 passe det med en morskiftkjole til en mor og mig-outfit, hvis du kan lide at passe sammen med dine smukke d\u00f8tre.<\/p>\n<p>Lavet af bl\u00f8dt afrikansk stof, der passer til b\u00f8rn.<\/p>\n<p>Kun h\u00e5ndvask.<\/p>\n<p>Bem\u00e6rk, at alle vores produkter er h\u00e5ndlavede og tilpasses. Hvis du har brug for tilpassede \u00e6ndringer eller st\u00f8rrelser, bedes du give en kommentar til os under kassen, s\u00e5 kontakter vi dig om din brugerdefinerede ordre. Tak skal du have.<\/p>","protected":false},"excerpt":{"rendered":"<p>A-line farverige Ankara piger sommerkjole med 2 sidelommer.<\/p>\n<p>Par det med sneakers til et afslappet look eller for et mere formelt look, par det med ballerinasko.<\/p>\n<p>Perfekt til enhver lejlighed.<\/p>","protected":false},"featured_media":3331,"comment_status":"open","ping_status":"closed","template":"","meta":{"inline_featured_image":false,"spay_email":""},"jetpack_likes_enabled":true,"jetpack_sharing_enabled":true,"_links":{"self":[{"href":"https:\/\/shop.ipalodesigns.com\/da\/wp-json\/wp\/v2\/product\/3313"}],"collection":[{"href":"https:\/\/shop.ipalodesigns.com\/da\/wp-json\/wp\/v2\/product"}],"about":[{"href":"https:\/\/shop.ipalodesigns.com\/da\/wp-json\/wp\/v2\/types\/product"}],"replies":[{"embeddable":true,"href":"https:\/\/shop.ipalodesigns.com\/da\/wp-json\/wp\/v2\/comments?post=3313"}],"wp:featuredmedia":[{"embeddable":true,"href":"https:\/\/shop.ipalodesigns.com\/da\/wp-json\/wp\/v2\/media\/3331"}],"wp:attachment":[{"href":"https:\/\/shop.ipalodesigns.com\/da\/wp-json\/wp\/v2\/media?parent=3313"}],"curies":[{"name":"wp","href":"https:\/\/api.w.org\/{rel}","templated":true}]}}