{"id":3314,"date":"2021-06-09T08:20:39","date_gmt":"2021-06-09T08:20:39","guid":{"rendered":"https:\/\/shop.ipalodesigns.com\/?post_type=product&#038;p=3314"},"modified":"2024-07-09T03:58:19","modified_gmt":"2024-07-09T03:58:19","slug":"africa-print-brallette-bra-top-and-matching-flared-short-skirt-for-summer-ankara-print-clothing-african-modern-fashion","status":"publish","type":"product","link":"https:\/\/shop.ipalodesigns.com\/da\/vare\/africa-print-brallette-bra-top-and-matching-flared-short-skirt-for-summer-ankara-print-clothing-african-modern-fashion\/","title":{"rendered":"Afrika Print Bralette \/ BH-top og matchende flared kort nederdel til sommer \/ Ankara-print \/ T\u00f8j \/ Afrikansk moderne mode."},"content":{"rendered":"<p>Afrika Print Bralette \/ BH-top og matchende flared kort nederdel til sommer \/ Ankara-print \/ T\u00f8j \/ Afrikansk moderne mode.<br \/>\nHold det s\u00f8dt og elegant i vores Bralette Bra Top med matchende nederdel i denne s\u00e6son.<br \/>\nDet er det perfekte look til din sommerferie, fest, weekendferie, karneval eller bare p\u00e5 stranden.<\/p>\n<p>Du kan ogs\u00e5 b\u00e6re det med<br \/>\nMatchende bred rand sommerhue<\/p>\n<p>Forsendelse: 3 til 7 dage, da dette er lavet p\u00e5 bestilling.<br \/>\nPlejeinstruktion:<\/p>\n<p>H\u00c5NDVASK I KOLDT VAND<br \/>\nBRUG MILD VASKEMIDDEL<\/p>\n<p>Bem\u00e6rk, at alle vores produkter er h\u00e5ndlavede og tilpasses. Hvis du har brug for tilpassede \u00e6ndringer eller st\u00f8rrelser, bedes du give en kommentar til os under kassen, s\u00e5 kontakter vi dig om din brugerdefinerede ordre. Tak skal du have.<\/p>","protected":false},"excerpt":{"rendered":"<p>Hold det s\u00f8dt og elegant i vores Bralette Bra Top med matchende nederdel i denne s\u00e6son.<\/p>\n<p>Det er det perfekte look til din sommerferie, fest, weekendferie, karneval eller bare p\u00e5 stranden.<\/p>","protected":false},"featured_media":3300,"comment_status":"open","ping_status":"closed","template":"","meta":{"inline_featured_image":false,"spay_email":""},"jetpack_likes_enabled":true,"jetpack_sharing_enabled":true,"_links":{"self":[{"href":"https:\/\/shop.ipalodesigns.com\/da\/wp-json\/wp\/v2\/product\/3314"}],"collection":[{"href":"https:\/\/shop.ipalodesigns.com\/da\/wp-json\/wp\/v2\/product"}],"about":[{"href":"https:\/\/shop.ipalodesigns.com\/da\/wp-json\/wp\/v2\/types\/product"}],"replies":[{"embeddable":true,"href":"https:\/\/shop.ipalodesigns.com\/da\/wp-json\/wp\/v2\/comments?post=3314"}],"wp:featuredmedia":[{"embeddable":true,"href":"https:\/\/shop.ipalodesigns.com\/da\/wp-json\/wp\/v2\/media\/3300"}],"wp:attachment":[{"href":"https:\/\/shop.ipalodesigns.com\/da\/wp-json\/wp\/v2\/media?parent=3314"}],"curies":[{"name":"wp","href":"https:\/\/api.w.org\/{rel}","templated":true}]}}