{"id":3316,"date":"2021-06-09T08:40:20","date_gmt":"2021-06-09T08:40:20","guid":{"rendered":"https:\/\/shop.ipalodesigns.com\/?post_type=product&#038;p=3316"},"modified":"2024-07-23T04:08:27","modified_gmt":"2024-07-23T04:08:27","slug":"womens-ankara-shift-dress-mini-dress-summer-dress-long-top-african-fabric-shift-dress-with-side-pockets","status":"publish","type":"product","link":"https:\/\/shop.ipalodesigns.com\/da\/vare\/womens-ankara-shift-dress-mini-dress-summer-dress-long-top-african-fabric-shift-dress-with-side-pockets\/","title":{"rendered":"Kvinders Ankara Shift Kjole - Mini Kjole - Sommer Kjole - Lang Top - Afrikansk stof Skift Kjole med sidelommer"},"content":{"rendered":"<p>Smuk h\u00e5ndlavet Ankara Shift kjole Perfekt til sommer og forskellige lejligheder.<\/p>\n<p>Denne dejlige kjole blev lavet i smukke farver Ankara stof. Den kan b\u00e6res alene som en mini-kjole og ogs\u00e5 over leggings.<br \/>\nIts a shift dress hence fits a bit lose on the body, super comfortable and light.<\/p>\n<p>Er du ikke sikker p\u00e5 din st\u00f8rrelse? efterlade en besked i kassen.<\/p>\n<p>\u00d8nsker at lave et matchende t\u00f8j til din familie..send en besked, vi ville v\u00e6re mere end glade for at bringe det til en smuk virkelighed.<\/p>\n<p>Bem\u00e6rk, at alle vores produkter er h\u00e5ndlavede og tilpasses. Hvis du har brug for tilpassede \u00e6ndringer eller st\u00f8rrelser, bedes du give en kommentar til os under kassen, s\u00e5 kontakter vi dig om din brugerdefinerede ordre. Tak skal du have.<\/p>","protected":false},"excerpt":{"rendered":"<p>Kvinders Ankara Shift Kjole - Mini Kjole - Sommer Kjole - Lang Top - Afrikansk stof Skift Kjole med sidelommer<\/p>","protected":false},"featured_media":3278,"comment_status":"open","ping_status":"closed","template":"","meta":{"inline_featured_image":false,"spay_email":""},"jetpack_likes_enabled":true,"jetpack_sharing_enabled":true,"_links":{"self":[{"href":"https:\/\/shop.ipalodesigns.com\/da\/wp-json\/wp\/v2\/product\/3316"}],"collection":[{"href":"https:\/\/shop.ipalodesigns.com\/da\/wp-json\/wp\/v2\/product"}],"about":[{"href":"https:\/\/shop.ipalodesigns.com\/da\/wp-json\/wp\/v2\/types\/product"}],"replies":[{"embeddable":true,"href":"https:\/\/shop.ipalodesigns.com\/da\/wp-json\/wp\/v2\/comments?post=3316"}],"wp:featuredmedia":[{"embeddable":true,"href":"https:\/\/shop.ipalodesigns.com\/da\/wp-json\/wp\/v2\/media\/3278"}],"wp:attachment":[{"href":"https:\/\/shop.ipalodesigns.com\/da\/wp-json\/wp\/v2\/media?parent=3316"}],"curies":[{"name":"wp","href":"https:\/\/api.w.org\/{rel}","templated":true}]}}